{"id":979,"date":"2020-11-19T09:11:44","date_gmt":"2020-11-19T09:11:44","guid":{"rendered":"https:\/\/matchthemes.com\/demowp\/atis\/?page_id=979"},"modified":"2023-10-17T11:23:18","modified_gmt":"2023-10-17T09:23:18","slug":"our-process","status":"publish","type":"page","link":"https:\/\/medizin-kreuzberg.de\/?page_id=979","title":{"rendered":"Impressum"},"content":{"rendered":"\t\t<div data-elementor-type=\"wp-page\" data-elementor-id=\"979\" class=\"elementor elementor-979\">\n\t\t\t\t<div class=\"elementor-element elementor-element-1ac3554 e-flex e-con-boxed e-con e-parent\" data-id=\"1ac3554\" data-element_type=\"container\" data-e-type=\"container\">\n\t\t\t\t\t<div class=\"e-con-inner\">\n\t\t\t\t<div class=\"elementor-element elementor-element-3aae99e elementor-widget elementor-widget-html\" data-id=\"3aae99e\" data-element_type=\"widget\" data-e-type=\"widget\" data-widget_type=\"html.default\">\n\t\t\t\t<div class=\"elementor-widget-container\">\n\t\t\t\t\t<a href=\"https:\/\/www.doctolib.de\/medizinisches-versorgungszentrum-mvz\/berlin\/mvz-am-moritzplatz?utm_campaign=website-button&amp;utm_source=mvz-am-moritzplatz-website-button&amp;utm_medium=referral&amp;utm_content=option-8&amp;utm_term=mvz-am-moritzplatz\" style=\"position:fixed;z-index:20000;top:180px;right:0;display:block;text-align:center;opacity: 0.85;background-color:#107ACA;color:#ffffff;font-size:14px;overflow:hidden;width:100px;border-radius: 4px 0 0 4px;text-decoration:none;padding:10px;line-height:1.4\" rel=\"noopener noreferrer\" target=\"_blank\"><span style=\"font-size:14px\">Termin<br> online buchen<\/span><img decoding=\"async\" style =\"height:15px;margin-top:10px;vertical-align:middle;width:auto\" src=\"https:\/\/www.doctolib.de\/external_button\/doctolib-white-transparent.png\" alt=\"Doctolib\"><\/a>\t\t\t\t<\/div>\n\t\t\t\t<\/div>\n\t\t\t\t\t<\/div>\n\t\t\t\t<\/div>\n\t\t\t\t<section class=\"elementor-section elementor-top-section elementor-element elementor-element-e04328a elementor-section-boxed elementor-section-height-default elementor-section-height-default\" data-id=\"e04328a\" data-element_type=\"section\" data-e-type=\"section\">\n\t\t\t\t\t\t<div class=\"elementor-container elementor-column-gap-default\">\n\t\t\t\t\t<div class=\"elementor-column elementor-col-100 elementor-top-column elementor-element elementor-element-eee75a9 order2\" data-id=\"eee75a9\" data-element_type=\"column\" data-e-type=\"column\">\n\t\t\t<div class=\"elementor-widget-wrap elementor-element-populated\">\n\t\t\t\t\t\t<div class=\"elementor-element elementor-element-1bec88d elementor-widget elementor-widget-heading\" data-id=\"1bec88d\" data-element_type=\"widget\" data-e-type=\"widget\" data-widget_type=\"heading.default\">\n\t\t\t\t<div class=\"elementor-widget-container\">\n\t\t\t\t\t<h2 class=\"elementor-heading-title elementor-size-default\"><span style=\"font-size: 38.52px\">MVZ am Moritzplatz<\/span><\/h2>\t\t\t\t<\/div>\n\t\t\t\t<\/div>\n\t\t\t\t<div class=\"elementor-element elementor-element-99f9b41 elementor-widget elementor-widget-text-editor\" data-id=\"99f9b41\" data-element_type=\"widget\" data-e-type=\"widget\" data-widget_type=\"text-editor.default\">\n\t\t\t\t<div class=\"elementor-widget-container\">\n\t\t\t\t\t\t\t\t\t<p style=\"margin-bottom: 12.5px; color: #444444; font-family: 'Open Sans'; font-size: 14px;\">Oranienstra\u00dfe 158<br \/>10969 Berlin<\/p><p style=\"margin-bottom: 12.5px; color: #444444; font-family: 'Open Sans'; font-size: 14px;\">Telefon: 030 61460-17<br \/>Email: info@medizin-kreuzberg.de<\/p><p style=\"margin-bottom: 12.5px; color: #444444; font-family: 'Open Sans'; font-size: 14px;\">Eine Praxis der<\/p><p style=\"margin-bottom: 12.5px; color: #444444; font-family: 'Open Sans'; font-size: 14px;\"><span style=\"font-weight: bold;\">MVZ am Moritzplatz GmbH<\/span><\/p><p style=\"margin-bottom: 12.5px; color: #444444; font-family: 'Open Sans'; font-size: 14px;\"><span style=\"font-weight: bold;\">Gesch\u00e4ftsf\u00fchrer<\/span><br \/>Dr. med. Norbert Munz<\/p><p style=\"margin-bottom: 12.5px; color: #444444; font-family: 'Open Sans'; font-size: 14px;\"><span style=\"font-weight: bold;\">Handelsregister<\/span><br \/>AG Charlottenburg<br \/>HRB 103429<br \/>Gerichtsstand: Berlin<\/p><p style=\"margin-bottom: 12.5px; color: #444444; font-family: 'Open Sans'; font-size: 14px;\"><span style=\"font-weight: bold;\">Finanzamt Berlin<\/span><br \/>K\u00f6rperschaften IV<\/p><p style=\"margin-bottom: 12.5px; color: #444444; font-family: 'Open Sans'; font-size: 14px;\"><span style=\"font-weight: bold;\">Kontakt<\/span><br \/>Telefon: 030 61460-17<br \/>Email: info@mvz-moritzplatz.de<\/p><p style=\"margin-bottom: 12.5px; color: #444444; font-family: 'Open Sans'; font-size: 14px;\">Angaben nach<\/p><ul style=\"margin-bottom: 12.5px; color: #444444; font-family: 'Open Sans'; font-size: 14px;\"><li style=\"margin-bottom: 0px;\"><span style=\"font-weight: bold;\">2 DIENSTLEISTUNGS-INFORMATIONSPFLICHEN-VERORDNUNG (DL-INFOV):<\/span><\/li><\/ul><p style=\"margin-bottom: 12.5px; color: #444444; font-family: 'Open Sans'; font-size: 14px;\"><span style=\"font-weight: bold;\">Zust\u00e4ndige Aufsichtsbeh\u00f6rde:<\/span><br \/>Landesamt f\u00fcr Gesundeheit und Soziales (LAGeSo)<br \/>Turmstr. 21, 10559 Berlin<a style=\"background: transparent; color: #e5a300;\" href=\"http:\/\/www.berlin.de\/lageso\/\"><br \/>Landesamt f\u00fcr Gesundheit und Soziales Berlin<\/a><\/p><p style=\"margin-bottom: 12.5px; color: #444444; font-family: 'Open Sans'; font-size: 14px;\"><span style=\"font-weight: bold;\">Zust\u00e4ndige \u00c4rztekammer:<\/span><br \/>Landes\u00e4rztekammer Berlin, Friedrichstr. 16, 10969 Berlin<a style=\"background: transparent; color: #e5a300;\" href=\"http:\/\/www.aerztekammer-berlin.de\/\"><br \/>\u00c4rztekammer Berlin<\/a><\/p><p style=\"margin-bottom: 12.5px; color: #444444; font-family: 'Open Sans'; font-size: 14px;\"><span style=\"font-weight: bold;\">Zust\u00e4ndige kassen\u00e4rztliche Vereinigung:<br \/><\/span>Kassen\u00e4rztliche Vereinigung Berlin (KV), Masurenallee 6a, 14057 Berlin<a style=\"background: transparent; color: #e5a300;\" href=\"http:\/\/www.kvberlin.de\/\"><br \/>Kassen\u00e4rztliche Vereinigung Berlin<\/a><\/p><p style=\"margin-bottom: 12.5px; color: #444444; font-family: 'Open Sans'; font-size: 14px;\"><span style=\"font-weight: bold;\">Gesetzliche Berufsbezeichnung der Dienstleistungserbringer:<\/span><\/p><p style=\"margin-bottom: 12.5px; color: #444444; font-family: 'Open Sans'; font-size: 14px;\">Dr. med. Norbert Munz<br \/>Facharzt f\u00fcr Orthop\u00e4die und Unfallchirurgie<br \/>sowie \u00c4rztlicher Leiter des MVZ am Moritzplatz<\/p><p style=\"margin-bottom: 12.5px; color: #444444; font-family: 'Open Sans'; font-size: 14px;\">Dr. med. Lutz Marlinghaus<br \/>Facharzt f\u00fcr Orthop\u00e4die<\/p><p style=\"margin-bottom: 12.5px; color: #444444; font-family: 'Open Sans'; font-size: 14px;\">Dr. med. Hristo Penev<br \/>Facharzt f\u00fcr Orthop\u00e4die und Unfallchirurgie<\/p><p style=\"margin-bottom: 12.5px; color: #444444; font-family: 'Open Sans'; font-size: 14px;\">Dipl. med. Peter Reinke<br \/>Facharzt f\u00fcr Allgemeinmedizin<br \/>Facharzt f\u00fcr Chirurgie<\/p><p style=\"margin-bottom: 12.5px; color: #444444; font-family: 'Open Sans'; font-size: 14px;\">Frau Dr. Stoyonka Schiemann<br \/>Fach\u00e4rztin f\u00fcr physikalische und rehabilitative Medizin<\/p><p style=\"margin-bottom: 12.5px; color: #444444; font-family: 'Open Sans'; font-size: 14px;\">Die Berufsbezeichnung Arzt wurde in der Bundesrepublik Deutschland verliehen.<br \/><a style=\"background: transparent; color: #e5a300;\" href=\"http:\/\/www.bundesaerztekammer.de\/page.asp?his=1.100\">Berufsordnung der Bundes\u00e4rztekammer<\/a><\/p><p style=\"margin-bottom: 12.5px; color: #444444; font-family: 'Open Sans'; font-size: 14px;\"><span style=\"font-weight: bold;\">Berufsrechtliche Regelungen:<br \/><\/span>Berufsordnung der Landes\u00e4rztkammer Berlin<br \/>Heilberufegesetz des Landes Berlin<br \/><a style=\"background: transparent; color: #e5a300;\" href=\"http:\/\/www.aekb.de\/\">www.aekb.de<\/a><br \/>Datei zum Download:\u00a0<a style=\"background: transparent; color: #e5a300;\" href=\"http:\/\/212.227.190.243\/20300\/berfbneu.pdf\">Berufsordnung der Landes\u00e4rztekammer Berlin \u2013 PDF<\/a><\/p><p style=\"margin-bottom: 12.5px; color: #444444; font-family: 'Open Sans'; font-size: 14px;\"><span style=\"font-weight: bold;\">Berufshaftplfichtversicherung<\/span><br \/>Geltungsbereich: \u00c4rztehaftpflichtversicherung<\/p><p style=\"margin-bottom: 12.5px; color: #444444; font-family: 'Open Sans'; font-size: 14px;\">Versicherer:<br \/>HDI Versicherung AG<br \/>HDI-Platz 1<br \/>30659 Hannover<\/p><p style=\"margin-bottom: 12.5px; color: #444444; font-family: 'Open Sans'; font-size: 14px;\">Telefon: 0511 645-0,\u00a0info@hdi.de<\/p><p style=\"margin-bottom: 12.5px; color: #444444; font-family: 'Open Sans'; font-size: 14px;\"><span style=\"font-weight: bold;\">HAFTUNGSAUSSCHLUSS<\/span><\/p><ol style=\"margin-bottom: 12.5px; color: #444444; font-family: 'Open Sans'; font-size: 14px;\"><li><span style=\"font-weight: bold;\">Inhalt des Onlineangebotes<\/span><br \/>Der Autor \u00fcbernimmt keinerlei Gew\u00e4hr f\u00fcr die Aktualit\u00e4t, Korrektheit, Vollst\u00e4ndigkeit oder Qualit\u00e4t der bereitgestellten Informationen. Haftungsanspr\u00fcche gegen den Autor, welche sich auf Sch\u00e4den materieller oder ideeller Art beziehen, die durch die Nutzung oder Nichtnutzung der dargebotenen Informationen bzw. durch die Nutzung fehlerhafter und unvollst\u00e4ndiger Informationen verursacht wurden, sind grunds\u00e4tzlich ausgeschlossen, sofern seitens des Autors kein nachweislich vors\u00e4tzliches oder grob fahrl\u00e4ssiges Verschulden vorliegt. Alle Angebote sind freibleibend und unverbindlich. Der Autor beh\u00e4lt es sich ausdr\u00fccklich vor, Teile der Seiten oder das gesamte Angebot ohne gesonderte Ank\u00fcndigung zu ver\u00e4ndern, zu erg\u00e4nzen, zu l\u00f6schen oder die Ver\u00f6ffentlichung zeitweise oder endg\u00fcltig einzustellen.<\/li><li><span style=\"font-weight: bold;\">Verweise und Links<\/span><br \/>Bei direkten oder indirekten Verweisen auf fremde Webseiten (Hyperlinks), die au\u00dferhalb des Verantwortungsbereiches des Autors liegen, w\u00fcrde eine Haftungsverpflichtung ausschlie\u00dflich in dem Fall in Kraft treten, in dem der Autor von den Inhalten Kenntnis hat und es ihm technisch m\u00f6glich und zumutbar w\u00e4re, die Nutzung im Falle rechtswidriger Inhalte zu verhindern. Der Autor erkl\u00e4rt hiermit ausdr\u00fccklich, dass zum Zeitpunkt der Linksetzung keine illegalen Inhalte auf den zu verlinkenden Seiten erkennbar waren. Auf die aktuelle und zuk\u00fcnftige Gestaltung, die Inhalte oder die Urheberschaft der verlinkten\/verkn\u00fcpften Seiten hat der Autor keinerlei Einfluss. Deshalb distanziert er sich hiermit ausdr\u00fccklich von allen Inhalten aller verlinkten \/verkn\u00fcpften Seiten, die nach der Linksetzung ver\u00e4ndert wurden. Diese Feststellung gilt f\u00fcr alle innerhalb des eigenen Internetangebotes gesetzten Links und Verweise sowie f\u00fcr Fremdeintr\u00e4ge in vom Autor eingerichteten Diskussionsforen, Linkverzeichnissen, Mailinglisten und in allen anderen Formen von Datenbanken, auf deren Inhalt externe Schreibzugriffe m\u00f6glich sind. F\u00fcr illegale, fehlerhafte oder unvollst\u00e4ndige Inhalte und insbesondere f\u00fcr Sch\u00e4den, die aus der Nutzung oder Nichtnutzung solcherart dargebotener Informationen entstehen, haftet allein der Anbieter der Seite, auf welche verwiesen wurde, nicht derjenige, der \u00fcber Links auf die jeweilige Ver\u00f6ffentlichung lediglich verweist.<\/li><li><span style=\"font-weight: bold;\">Urheber- und Kennzeichenrecht<\/span><br \/>Der Autor ist bestrebt, in allen Publikationen die Urheberrechte der verwendeten Bilder, Grafiken, Tondokumente, Videosequenzen und Texte zu beachten, von ihm selbst erstellte Bilder, Grafiken, Tondokumente, Videosequenzen und Texte zu nutzen oder auf lizenzfreie Grafiken, Tondokumente, Videosequenzen und Texte zur\u00fcckzugreifen. Alle innerhalb des Internetangebotes genannten und ggf. durch Dritte gesch\u00fctzten Marken- und Warenzeichen unterliegen uneingeschr\u00e4nkt den Bestimmungen des jeweils g\u00fcltigen Kennzeichenrechts und den Besitzrechten der jeweiligen eingetragenen Eigent\u00fcmer. Allein aufgrund der blo\u00dfen Nennung ist nicht der Schluss zu ziehen, dass Markenzeichen nicht durch Rechte Dritter gesch\u00fctzt sind! Das Copyright f\u00fcr ver\u00f6ffentlichte, vom Autor selbst erstellte Objekte bleibt allein beim Autor der Seiten. Eine Vervielf\u00e4ltigung oder Verwendung solcher Grafiken, Tondokumente, Videosequenzen und Texte in anderen elektronischen oder gedruckten Publikationen ist ohne ausdr\u00fcckliche Zustimmung des Autors nicht gestattet.<\/li><li style=\"margin-bottom: 0px;\"><span style=\"font-weight: bold;\">Datenschutz<\/span><\/li><\/ol><p style=\"margin-bottom: 12.5px; color: #444444; font-family: 'Open Sans'; font-size: 14px;\">Diese Datenschutzerkl\u00e4rung gilt f\u00fcr das Internet-Angebot www.medizin-kreuzberg.de<\/p><p style=\"margin-bottom: 12.5px; color: #444444; font-family: 'Open Sans'; font-size: 14px;\">Diese ist f\u00fcr die Inhalte dieses Internet-Angebots verantwortlich. Verweise auf fremde Inhalte sind kenntlich gemacht (s.u.).<\/p><p style=\"margin-bottom: 12.5px; color: #444444; font-family: 'Open Sans'; font-size: 14px;\"><span style=\"font-weight: bold;\">Datenverarbeitung im Auftrag<\/span><\/p><p style=\"margin-bottom: 12.5px; color: #444444; font-family: 'Open Sans'; font-size: 14px;\">Dieses Internet-Angebot wird im Wege der Auftragsdatenverarbeitung von united-domains AG als technischem Dienstleister vorgehalten. Dabei findet keine \u00fcber das in dieser Erkl\u00e4rung dargestellte Ma\u00df hinausgehende Speicherung und Verarbeitung personenbezogener Nutzungsdaten statt.<\/p><p style=\"margin-bottom: 12.5px; color: #444444; font-family: 'Open Sans'; font-size: 14px;\"><span style=\"font-weight: bold;\">Erhebung von Nutzungsdaten\/Nutzungsanalyse<\/span><\/p><p style=\"margin-bottom: 12.5px; color: #444444; font-family: 'Open Sans'; font-size: 14px;\">Beim Zugriff auf unser Internetangebot erfassen wir folgende Daten in einer Protokolldatei:<\/p><p style=\"margin-bottom: 12.5px; color: #444444; font-family: 'Open Sans'; font-size: 14px;\">\u2013 IP-Adresse in anonymisierter (verk\u00fcrzter) Form<br \/>\u2013 Zeitpunkt des Zugriffs<br \/>\u2013 aufgerufene Seite bzw. Name der abgerufenen Datei (URL)<br \/>\u2013 Status-Informationen (z.B. Fehlercodes)<br \/>\u2013 \u00fcbertragene Datenmenge<br \/>\u2013 Browser-Informationen (genutzer Web-Browser, Betriebssystem, Spracheinstellung etc.)<\/p><p style=\"margin-bottom: 12.5px; color: #444444; font-family: 'Open Sans'; font-size: 14px;\">Die Daten werden ausschlie\u00dflich f\u00fcr statistische Zwecke genutzt. Eine Weitergabe an Dritte erfolgt nicht. Dieses Internetangebot verwendet keine Techniken, die darauf abzielen, das Zugriffsverhalten einzelner Nutzer auszuwerten. Personenbezogene Nutzungsprofile werden nicht erstellt.<\/p><p style=\"margin-bottom: 12.5px; color: #444444; font-family: 'Open Sans'; font-size: 14px;\"><span style=\"font-weight: bold;\">Links zu anderen Webseiten<\/span><\/p><p style=\"margin-bottom: 12.5px; color: #444444; font-family: 'Open Sans'; font-size: 14px;\">Unser Internet-Angebot enth\u00e4lt Verweise zu Inhalten anderer Anbieter. Diese sind durch die Angabe expliziter Links (z.B. www.internetseite.de), anhand entsprechender Hinweise im Text oder die Kennzeichnung mit dem Symbol erkennbar. Au\u00dferdem werden externe Verweise in einem eigenen Browserfenster ge\u00f6ffnet. Die Nutzung dieser fremden Inhalte unterliegt gegebenenfalls anderen Vorgaben als den hier dargestellten.<\/p><p style=\"margin-bottom: 12.5px; color: #444444; font-family: 'Open Sans'; font-size: 14px;\"><span style=\"font-weight: bold;\">Cookies<\/span><\/p><p style=\"margin-bottom: 12.5px; color: #444444; font-family: 'Open Sans'; font-size: 14px;\">In bestimmten F\u00e4llen werden so genannte tempor\u00e4re Cookies verwendet. Diese enthalten keine personenbezogenen Daten und werden nach Ablauf der Sitzung mit dem Schlie\u00dfen Ihres Web-Browsers automatisch gel\u00f6scht.<\/p><p style=\"margin-bottom: 12.5px; color: #444444; font-family: 'Open Sans'; font-size: 14px;\">Im Fall einer Verlinkung k\u00f6nnen Cookies von Drittanbietern zum Einsatz kommen, ohne dass wir Sie ausdr\u00fccklich darauf hinweisen k\u00f6nnen. Die g\u00e4ngigen Browser erlauben es, die Verarbeitung solcher Cookies festzulegen, so dass Sie das Speichern dieser Cookies deaktivieren bzw. die Art der Verarbeitung durch Ihren Browser einstellen k\u00f6nnen.<\/p><p style=\"margin-bottom: 12.5px; color: #444444; font-family: 'Open Sans'; font-size: 14px;\"><span style=\"font-weight: bold;\">Erhebung personenbezogener Daten in Online-Formularen<\/span><\/p><p style=\"margin-bottom: 12.5px; color: #444444; font-family: 'Open Sans'; font-size: 14px;\">Soweit wir Sie im Rahmen dieses Angebots um die Angabe personenbezogener Daten bitten (z.B. Name, Anschrift oder E-Mail-Adresse), sagen wir Ihnen im jeweiligen Online-Formular, f\u00fcr welchen Zweck wir diese erheben und wie wir sie verarbeiten. Es unterliegt Ihrer freien Entscheidung, ob Sie diese Daten angeben.<\/p><p style=\"margin-bottom: 12.5px; color: #444444; font-family: 'Open Sans'; font-size: 14px;\"><span style=\"font-weight: bold;\">Auskunftsrechte<\/span><\/p><p style=\"margin-bottom: 12.5px; color: #444444; font-family: 'Open Sans'; font-size: 14px;\">Auskunftsrechte k\u00f6nnen schriftlich oder per E-Mail gegen\u00fcber den im Impressum genannten Stellen geltend gemacht werden. Dies gilt auch f\u00fcr Widerspr\u00fcche zu einer erteilten Einwilligungserkl\u00e4rung.<\/p><p style=\"margin-bottom: 12.5px; color: #444444; font-family: 'Open Sans'; font-size: 14px;\"><span style=\"font-weight: bold;\">Streitbeilegungsverfahren<\/span><\/p><p style=\"margin-bottom: 12.5px; color: #444444; font-family: 'Open Sans'; font-size: 14px;\">Wir sind nicht bereit oder verpflichtet, an Streitbeilegungsverfahren vor einer Verbraucherschlichtungsstelle teilzunehmen..<\/p><p style=\"margin-bottom: 12.5px; color: #444444; font-family: 'Open Sans'; font-size: 14px;\"><span style=\"font-weight: bold;\">Verschl\u00fcsselung<\/span><\/p><p style=\"margin-bottom: 12.5px; color: #444444; font-family: 'Open Sans'; font-size: 14px;\">Dieses Angebot unterst\u00fctzt gegenw\u00e4rtig keine Datenverschl\u00fcsselung. Bei der \u00dcbertragung Ihrer Daten im Internet besteht daher die M\u00f6glichkeit, da\u00df diese durch Unbefugte zur Kenntnis genommen oder ver\u00e4ndert werden k\u00f6nnen.<\/p><ol style=\"margin-bottom: 0px; color: #444444; font-family: 'Open Sans'; font-size: 14px;\" start=\"5\"><li style=\"margin-bottom: 0px;\"><span style=\"font-weight: bold;\">Rechtswirksamkeit dieses Haftungsausschlusses<\/span><br \/>Dieser Haftungsausschluss ist als Teil des Internetangebotes zu betrachten, von dem aus auf diese Seite verwiesen wurde. Sofern Teile oder einzelne Formulierungen dieses Textes der geltenden Rechtslage nicht, nicht mehr oder nicht vollst\u00e4ndig entsprechen sollten, bleiben die \u00fcbrigen Teile des Dokumentes in ihrem Inhalt und ihrer G\u00fcltigkeit davon unber\u00fchrt.<\/li><\/ol>\t\t\t\t\t\t\t\t<\/div>\n\t\t\t\t<\/div>\n\t\t\t\t\t<\/div>\n\t\t<\/div>\n\t\t\t\t\t<\/div>\n\t\t<\/section>\n\t\t\t\t<\/div>\n\t\t","protected":false},"excerpt":{"rendered":"<p>Termin online buchen MVZ am Moritzplatz Oranienstra\u00dfe 15810969 Berlin Telefon: 030 61460-17Email: info@medizin-kreuzberg.de Eine Praxis der MVZ am Moritzplatz GmbH Gesch\u00e4ftsf\u00fchrerDr. med. Norbert Munz HandelsregisterAG CharlottenburgHRB 103429Gerichtsstand: Berlin Finanzamt BerlinK\u00f6rperschaften IV KontaktTelefon: 030 61460-17Email: info@mvz-moritzplatz.de Angaben nach 2 DIENSTLEISTUNGS-INFORMATIONSPFLICHEN-VERORDNUNG (DL-INFOV):&#8230;<\/p>\n","protected":false},"author":1,"featured_media":435,"parent":0,"menu_order":0,"comment_status":"closed","ping_status":"closed","template":"templates\/template-fullscreen.php","meta":{"_monsterinsights_skip_tracking":false,"_monsterinsights_sitenote_active":false,"_monsterinsights_sitenote_note":"","_monsterinsights_sitenote_category":0,"footnotes":""},"class_list":["post-979","page","type-page","status-publish","has-post-thumbnail","hentry"],"acf":[],"aioseo_notices":[],"_links":{"self":[{"href":"https:\/\/medizin-kreuzberg.de\/index.php?rest_route=\/wp\/v2\/pages\/979","targetHints":{"allow":["GET"]}}],"collection":[{"href":"https:\/\/medizin-kreuzberg.de\/index.php?rest_route=\/wp\/v2\/pages"}],"about":[{"href":"https:\/\/medizin-kreuzberg.de\/index.php?rest_route=\/wp\/v2\/types\/page"}],"author":[{"embeddable":true,"href":"https:\/\/medizin-kreuzberg.de\/index.php?rest_route=\/wp\/v2\/users\/1"}],"replies":[{"embeddable":true,"href":"https:\/\/medizin-kreuzberg.de\/index.php?rest_route=%2Fwp%2Fv2%2Fcomments&post=979"}],"version-history":[{"count":8,"href":"https:\/\/medizin-kreuzberg.de\/index.php?rest_route=\/wp\/v2\/pages\/979\/revisions"}],"predecessor-version":[{"id":3356,"href":"https:\/\/medizin-kreuzberg.de\/index.php?rest_route=\/wp\/v2\/pages\/979\/revisions\/3356"}],"wp:featuredmedia":[{"embeddable":true,"href":"https:\/\/medizin-kreuzberg.de\/index.php?rest_route=\/wp\/v2\/media\/435"}],"wp:attachment":[{"href":"https:\/\/medizin-kreuzberg.de\/index.php?rest_route=%2Fwp%2Fv2%2Fmedia&parent=979"}],"curies":[{"name":"wp","href":"https:\/\/api.w.org\/{rel}","templated":true}]}}